{"id":11,"date":"2023-06-04T19:07:26","date_gmt":"2023-06-04T19:07:26","guid":{"rendered":"https:\/\/seifeddine-maachaoui.students-laplateforme.io\/mycms\/?product=hoodie-with-logo"},"modified":"2023-06-04T19:16:39","modified_gmt":"2023-06-04T19:16:39","slug":"hoodie-with-logo","status":"publish","type":"product","link":"https:\/\/seifeddine-maachaoui.students-laplateforme.io\/mycms\/?product=hoodie-with-logo","title":{"rendered":"Mobigear Curved &#8211; Verre tremp\u00e9 Ultra clair Protection d&rsquo;\u00e9cran pour Samsung Galaxy S20 &#8211; Noir"},"content":{"rendered":"<p>Ce type de protection d&rsquo;\u00e9cran est fabriqu\u00e9 en verre tremp\u00e9 v\u00e9ritable d&rsquo;une duret\u00e9 de 9H. Cela permet d&rsquo;obtenir une exp\u00e9rience tactile similaire \u00e0 celle de l&rsquo;\u00e9cran de l&rsquo;appareil. Vous ne remarquerez aucune diff\u00e9rence dans le fonctionnement de votre Samsung Galaxy S20. Le verre tremp\u00e9 est tr\u00e8s fin et r\u00e9sistant aux rayures.<\/p>\n","protected":false},"excerpt":{"rendered":"<p>Cette protection d&rsquo;\u00e9cran Samsung Galaxy S20 Mobigear Curved en verre tremp\u00e9 peut \u00eatre utilis\u00e9e en combinaison avec une coque pour t\u00e9l\u00e9phone. En combinant une protection d&rsquo;\u00e9cran et une coque, la protection de votre Samsung Galaxy S20 sera renforc\u00e9e et optimale.<\/p>\n","protected":false},"featured_media":12,"comment_status":"open","ping_status":"closed","template":"","meta":[],"product_cat":[19,20],"product_tag":[21],"jetpack-related-posts":[{"id":13,"url":"https:\/\/seifeddine-maachaoui.students-laplateforme.io\/mycms\/?product=cette-protection-decran-samsung-galaxy-s20-mobigear-curved-en-verre-trempe-peut-etre-utilisee-en-combinaison-avec-une-coque-pour-telephone-en-combinant-une-protection-decran-et-une-coque-la-prot","url_meta":{"origin":11,"position":0},"title":"Cette protection d&rsquo;\u00e9cran Samsung Galaxy S20 Mobigear Curved en verre tremp\u00e9 peut \u00eatre utilis\u00e9e en combinaison avec une coque pour t\u00e9l\u00e9phone. En combinant une protection d&rsquo;\u00e9cran et une coque, la protection de votre Samsung Galaxy S20 sera renforc\u00e9e et optimale.","date":"juin 4, 2023","format":false,"excerpt":"Cette protection d'\u00e9cran ultra-claire transmet toutes les couleurs de l'\u00e9cran avec une clart\u00e9 totale et sans aucun filtre. L'affichage de l'\u00e9cran est donc exactement le m\u00eame que celui d'un appareil sans protection d'\u00e9cran.","rel":"","context":"Article similaire","img":{"alt_text":"Protection d'\u00e9cran pour Samsung galaxy s23 ultra","src":"https:\/\/i0.wp.com\/seifeddine-maachaoui.students-laplateforme.io\/mycms\/wp-content\/uploads\/2023\/06\/mobigear-curved-verre-trempe-ultra-clair-protection-d-ecran-pour-samsung-galaxy-s23-ultra-noir.jpg?fit=400%2C400&ssl=1&resize=350%2C200","width":350,"height":200},"classes":[]},{"id":15,"url":"https:\/\/seifeddine-maachaoui.students-laplateforme.io\/mycms\/?product=mobigear-premium-verre-trempe-ultra-clair-protection-decran-pour-samsung-galaxy-a14-noir","url_meta":{"origin":11,"position":1},"title":"Mobigear Premium &#8211; Verre tremp\u00e9 Ultra clair Protection d&rsquo;\u00e9cran pour Samsung Galaxy A14 &#8211; Noir","date":"juin 4, 2023","format":false,"excerpt":"Compatible avec une coque de t\u00e9l\u00e9phone Cette protection d'\u00e9cran Samsung Galaxy A14 Mobigear Premium en verre tremp\u00e9 peut \u00eatre utilis\u00e9e en combinaison avec une coque pour t\u00e9l\u00e9phone. En combinant une protection d'\u00e9cran et une coque, la protection de votre Samsung Galaxy A14 sera renforc\u00e9e et optimale.","rel":"","context":"Article similaire","img":{"alt_text":"Protection d'\u00e9cran pour Samsung Galaxy A14","src":"https:\/\/i0.wp.com\/seifeddine-maachaoui.students-laplateforme.io\/mycms\/wp-content\/uploads\/2023\/06\/mobigear-premium-verre-trempe-ultra-clair-protection-d-ecran-pour-samsung-galaxy-a14-noir.jpg?fit=400%2C400&ssl=1&resize=350%2C200","width":350,"height":200},"classes":[]}],"_links":{"self":[{"href":"https:\/\/seifeddine-maachaoui.students-laplateforme.io\/mycms\/index.php?rest_route=\/wp\/v2\/product\/11"}],"collection":[{"href":"https:\/\/seifeddine-maachaoui.students-laplateforme.io\/mycms\/index.php?rest_route=\/wp\/v2\/product"}],"about":[{"href":"https:\/\/seifeddine-maachaoui.students-laplateforme.io\/mycms\/index.php?rest_route=\/wp\/v2\/types\/product"}],"replies":[{"embeddable":true,"href":"https:\/\/seifeddine-maachaoui.students-laplateforme.io\/mycms\/index.php?rest_route=%2Fwp%2Fv2%2Fcomments&post=11"}],"wp:featuredmedia":[{"embeddable":true,"href":"https:\/\/seifeddine-maachaoui.students-laplateforme.io\/mycms\/index.php?rest_route=\/wp\/v2\/media\/12"}],"wp:attachment":[{"href":"https:\/\/seifeddine-maachaoui.students-laplateforme.io\/mycms\/index.php?rest_route=%2Fwp%2Fv2%2Fmedia&parent=11"}],"wp:term":[{"taxonomy":"product_cat","embeddable":true,"href":"https:\/\/seifeddine-maachaoui.students-laplateforme.io\/mycms\/index.php?rest_route=%2Fwp%2Fv2%2Fproduct_cat&post=11"},{"taxonomy":"product_tag","embeddable":true,"href":"https:\/\/seifeddine-maachaoui.students-laplateforme.io\/mycms\/index.php?rest_route=%2Fwp%2Fv2%2Fproduct_tag&post=11"}],"curies":[{"name":"wp","href":"https:\/\/api.w.org\/{rel}","templated":true}]}}