{"id":17,"date":"2023-06-04T19:28:48","date_gmt":"2023-06-04T19:28:48","guid":{"rendered":"https:\/\/seifeddine-maachaoui.students-laplateforme.io\/mycms\/?page_id=17"},"modified":"2023-06-04T21:48:51","modified_gmt":"2023-06-04T21:48:51","slug":"page-daccueil","status":"publish","type":"page","link":"https:\/\/seifeddine-maachaoui.students-laplateforme.io\/mycms\/","title":{"rendered":"Page d\u2019accueil"},"content":{"rendered":"\n<div class=\"wp-block-cover\"><span aria-hidden=\"true\" class=\"wp-block-cover__background has-background-dim-0 has-background-dim\"><\/span><img width=\"1170\" height=\"562\" src=\"https:\/\/i0.wp.com\/seifeddine-maachaoui.students-laplateforme.io\/mycms\/wp-content\/uploads\/2023\/06\/1182.jpg?resize=1170%2C562&#038;ssl=1\" class=\"wp-block-cover__image-background wp-post-image\" alt=\"Une banni\u00e8re pour le site\" decoding=\"async\" loading=\"lazy\" data-object-fit=\"cover\" srcset=\"https:\/\/i0.wp.com\/seifeddine-maachaoui.students-laplateforme.io\/mycms\/wp-content\/uploads\/2023\/06\/1182-scaled.jpg?resize=1568%2C753&amp;ssl=1 1568w, https:\/\/i0.wp.com\/seifeddine-maachaoui.students-laplateforme.io\/mycms\/wp-content\/uploads\/2023\/06\/1182-scaled.jpg?resize=300%2C144&amp;ssl=1 300w, https:\/\/i0.wp.com\/seifeddine-maachaoui.students-laplateforme.io\/mycms\/wp-content\/uploads\/2023\/06\/1182-scaled.jpg?resize=1024%2C492&amp;ssl=1 1024w, https:\/\/i0.wp.com\/seifeddine-maachaoui.students-laplateforme.io\/mycms\/wp-content\/uploads\/2023\/06\/1182-scaled.jpg?resize=768%2C369&amp;ssl=1 768w, https:\/\/i0.wp.com\/seifeddine-maachaoui.students-laplateforme.io\/mycms\/wp-content\/uploads\/2023\/06\/1182-scaled.jpg?resize=1536%2C737&amp;ssl=1 1536w, https:\/\/i0.wp.com\/seifeddine-maachaoui.students-laplateforme.io\/mycms\/wp-content\/uploads\/2023\/06\/1182-scaled.jpg?resize=2048%2C983&amp;ssl=1 2048w, https:\/\/i0.wp.com\/seifeddine-maachaoui.students-laplateforme.io\/mycms\/wp-content\/uploads\/2023\/06\/1182-scaled.jpg?resize=600%2C288&amp;ssl=1 600w, https:\/\/i0.wp.com\/seifeddine-maachaoui.students-laplateforme.io\/mycms\/wp-content\/uploads\/2023\/06\/1182-scaled.jpg?w=2340&amp;ssl=1 2340w\" sizes=\"(max-width: 1170px) 100vw, 1170px\" data-recalc-dims=\"1\" \/><div class=\"wp-block-cover__inner-container\">\n<p class=\"has-text-align-center has-large-font-size has-white-color has-text-color\">Bienvenue sur Mobishield !<\/p>\n\n\n\n<p class=\"has-text-align-center has-text-color has-white-color\">Fini les chocs qui ab\u00eeme ton smartphone !<\/p>\n\n\n\n<div class=\"wp-block-buttons is-content-justification-center is-layout-flex wp-container-1\">\n<div class=\"wp-block-button\"><a class=\"wp-block-button__link wp-element-button\" href=\"https:\/\/seifeddine-maachaoui.students-laplateforme.io\/mycms\/?page_id=5\">Faire des achats<\/a><\/div>\n<\/div>\n<\/div><\/div>\n\n\n\n<h2 class=\"wp-block-heading has-text-align-center\">Nouveaux produits<\/h2>\n\n\n<div data-block-name=\"woocommerce\/product-new\" class=\"wc-block-grid wp-block-product-new wc-block-product-new has-3-columns has-multiple-rows\"><ul class=\"wc-block-grid__products\"><li class=\"wc-block-grid__product\">\n\t\t\t\t<a href=\"https:\/\/seifeddine-maachaoui.students-laplateforme.io\/mycms\/?product=mobigear-premium-verre-trempe-ultra-clair-protection-decran-pour-samsung-galaxy-a14-noir\" class=\"wc-block-grid__product-link\">\n\t\t\t\t\t<div class=\"wc-block-grid__product-image\"><img width=\"300\" height=\"300\" src=\"https:\/\/i0.wp.com\/seifeddine-maachaoui.students-laplateforme.io\/mycms\/wp-content\/uploads\/2023\/06\/mobigear-premium-verre-trempe-ultra-clair-protection-d-ecran-pour-samsung-galaxy-a14-noir.jpg?resize=300%2C300&amp;ssl=1\" class=\"attachment-woocommerce_thumbnail size-woocommerce_thumbnail\" alt=\"Protection d&#039;\u00e9cran pour Samsung Galaxy A14\" decoding=\"async\" loading=\"lazy\" srcset=\"https:\/\/i0.wp.com\/seifeddine-maachaoui.students-laplateforme.io\/mycms\/wp-content\/uploads\/2023\/06\/mobigear-premium-verre-trempe-ultra-clair-protection-d-ecran-pour-samsung-galaxy-a14-noir.jpg?w=400&amp;ssl=1 400w, https:\/\/i0.wp.com\/seifeddine-maachaoui.students-laplateforme.io\/mycms\/wp-content\/uploads\/2023\/06\/mobigear-premium-verre-trempe-ultra-clair-protection-d-ecran-pour-samsung-galaxy-a14-noir.jpg?resize=300%2C300&amp;ssl=1 300w, https:\/\/i0.wp.com\/seifeddine-maachaoui.students-laplateforme.io\/mycms\/wp-content\/uploads\/2023\/06\/mobigear-premium-verre-trempe-ultra-clair-protection-d-ecran-pour-samsung-galaxy-a14-noir.jpg?resize=150%2C150&amp;ssl=1 150w, https:\/\/i0.wp.com\/seifeddine-maachaoui.students-laplateforme.io\/mycms\/wp-content\/uploads\/2023\/06\/mobigear-premium-verre-trempe-ultra-clair-protection-d-ecran-pour-samsung-galaxy-a14-noir.jpg?resize=100%2C100&amp;ssl=1 100w\" sizes=\"(max-width: 300px) 100vw, 300px\" \/><\/div>\n\t\t\t\t\t<div class=\"wc-block-grid__product-title\">Mobigear Premium &#8211; Verre tremp\u00e9 Ultra clair Protection d&rsquo;\u00e9cran pour Samsung Galaxy A14 &#8211; Noir<\/div>\n\t\t\t\t<\/a>\n\t\t\t\t\n\t\t\t\t<div class=\"wc-block-grid__product-price price\"><span class=\"woocommerce-Price-amount amount\">9,99&nbsp;<span class=\"woocommerce-Price-currencySymbol\">&euro;<\/span><\/span><\/div>\n\t\t\t\t\n\t\t\t\t<div class=\"wp-block-button wc-block-grid__product-add-to-cart\"><a href=\"?add-to-cart=15\" aria-label=\"Ajouter &ldquo;Mobigear Premium - Verre tremp\u00e9 Ultra clair Protection d&#039;\u00e9cran pour Samsung Galaxy A14 - Noir&rdquo; \u00e0 votre panier\" data-quantity=\"1\" data-product_id=\"15\" data-product_sku=\"\" rel=\"nofollow\" class=\"wp-block-button__link wp-element-button add_to_cart_button ajax_add_to_cart\">Ajouter au panier<\/a><\/div>\n\t\t\t<\/li><li class=\"wc-block-grid__product\">\n\t\t\t\t<a href=\"https:\/\/seifeddine-maachaoui.students-laplateforme.io\/mycms\/?product=cette-protection-decran-samsung-galaxy-s20-mobigear-curved-en-verre-trempe-peut-etre-utilisee-en-combinaison-avec-une-coque-pour-telephone-en-combinant-une-protection-decran-et-une-coque-la-prot\" class=\"wc-block-grid__product-link\">\n\t\t\t\t\t<div class=\"wc-block-grid__product-image\"><img width=\"300\" height=\"300\" src=\"https:\/\/i0.wp.com\/seifeddine-maachaoui.students-laplateforme.io\/mycms\/wp-content\/uploads\/2023\/06\/mobigear-curved-verre-trempe-ultra-clair-protection-d-ecran-pour-samsung-galaxy-s23-ultra-noir.jpg?resize=300%2C300&amp;ssl=1\" class=\"attachment-woocommerce_thumbnail size-woocommerce_thumbnail\" alt=\"Protection d&#039;\u00e9cran pour Samsung galaxy s23 ultra\" decoding=\"async\" loading=\"lazy\" srcset=\"https:\/\/i0.wp.com\/seifeddine-maachaoui.students-laplateforme.io\/mycms\/wp-content\/uploads\/2023\/06\/mobigear-curved-verre-trempe-ultra-clair-protection-d-ecran-pour-samsung-galaxy-s23-ultra-noir.jpg?w=400&amp;ssl=1 400w, https:\/\/i0.wp.com\/seifeddine-maachaoui.students-laplateforme.io\/mycms\/wp-content\/uploads\/2023\/06\/mobigear-curved-verre-trempe-ultra-clair-protection-d-ecran-pour-samsung-galaxy-s23-ultra-noir.jpg?resize=300%2C300&amp;ssl=1 300w, https:\/\/i0.wp.com\/seifeddine-maachaoui.students-laplateforme.io\/mycms\/wp-content\/uploads\/2023\/06\/mobigear-curved-verre-trempe-ultra-clair-protection-d-ecran-pour-samsung-galaxy-s23-ultra-noir.jpg?resize=150%2C150&amp;ssl=1 150w, https:\/\/i0.wp.com\/seifeddine-maachaoui.students-laplateforme.io\/mycms\/wp-content\/uploads\/2023\/06\/mobigear-curved-verre-trempe-ultra-clair-protection-d-ecran-pour-samsung-galaxy-s23-ultra-noir.jpg?resize=100%2C100&amp;ssl=1 100w\" sizes=\"(max-width: 300px) 100vw, 300px\" \/><\/div>\n\t\t\t\t\t<div class=\"wc-block-grid__product-title\">Cette protection d&rsquo;\u00e9cran Samsung Galaxy S20 Mobigear Curved en verre tremp\u00e9 peut \u00eatre utilis\u00e9e en combinaison avec une coque pour t\u00e9l\u00e9phone. En combinant une protection d&rsquo;\u00e9cran et une coque, la protection de votre Samsung Galaxy S20 sera renforc\u00e9e et optimale.<\/div>\n\t\t\t\t<\/a>\n\t\t\t\t\n\t\t\t\t<div class=\"wc-block-grid__product-price price\"><span class=\"woocommerce-Price-amount amount\">9,99&nbsp;<span class=\"woocommerce-Price-currencySymbol\">&euro;<\/span><\/span><\/div>\n\t\t\t\t\n\t\t\t\t<div class=\"wp-block-button wc-block-grid__product-add-to-cart\"><a href=\"?add-to-cart=13\" aria-label=\"Ajouter &ldquo;Cette protection d&#039;\u00e9cran Samsung Galaxy S20 Mobigear Curved en verre tremp\u00e9 peut \u00eatre utilis\u00e9e en combinaison avec une coque pour t\u00e9l\u00e9phone. En combinant une protection d&#039;\u00e9cran et une coque, la protection de votre Samsung Galaxy S20 sera renforc\u00e9e et optimale.&rdquo; \u00e0 votre panier\" data-quantity=\"1\" data-product_id=\"13\" data-product_sku=\"\" rel=\"nofollow\" class=\"wp-block-button__link wp-element-button add_to_cart_button ajax_add_to_cart\">Ajouter au panier<\/a><\/div>\n\t\t\t<\/li><li class=\"wc-block-grid__product\">\n\t\t\t\t<a href=\"https:\/\/seifeddine-maachaoui.students-laplateforme.io\/mycms\/?product=hoodie-with-logo\" class=\"wc-block-grid__product-link\">\n\t\t\t\t\t<div class=\"wc-block-grid__product-image\"><img width=\"300\" height=\"300\" src=\"https:\/\/i0.wp.com\/seifeddine-maachaoui.students-laplateforme.io\/mycms\/wp-content\/uploads\/2023\/06\/mobigear-curved-verre-trempe-ultra-clair-protection-d-ecran-pour-samsung-galaxy-s20-noir.jpg?resize=300%2C300&amp;ssl=1\" class=\"attachment-woocommerce_thumbnail size-woocommerce_thumbnail\" alt=\"une protection d&#039;\u00e9cran pour smartphone samsung galaxy s20\" decoding=\"async\" loading=\"lazy\" srcset=\"https:\/\/i0.wp.com\/seifeddine-maachaoui.students-laplateforme.io\/mycms\/wp-content\/uploads\/2023\/06\/mobigear-curved-verre-trempe-ultra-clair-protection-d-ecran-pour-samsung-galaxy-s20-noir.jpg?w=400&amp;ssl=1 400w, https:\/\/i0.wp.com\/seifeddine-maachaoui.students-laplateforme.io\/mycms\/wp-content\/uploads\/2023\/06\/mobigear-curved-verre-trempe-ultra-clair-protection-d-ecran-pour-samsung-galaxy-s20-noir.jpg?resize=300%2C300&amp;ssl=1 300w, https:\/\/i0.wp.com\/seifeddine-maachaoui.students-laplateforme.io\/mycms\/wp-content\/uploads\/2023\/06\/mobigear-curved-verre-trempe-ultra-clair-protection-d-ecran-pour-samsung-galaxy-s20-noir.jpg?resize=150%2C150&amp;ssl=1 150w, https:\/\/i0.wp.com\/seifeddine-maachaoui.students-laplateforme.io\/mycms\/wp-content\/uploads\/2023\/06\/mobigear-curved-verre-trempe-ultra-clair-protection-d-ecran-pour-samsung-galaxy-s20-noir.jpg?resize=100%2C100&amp;ssl=1 100w\" sizes=\"(max-width: 300px) 100vw, 300px\" \/><\/div>\n\t\t\t\t\t<div class=\"wc-block-grid__product-title\">Mobigear Curved &#8211; Verre tremp\u00e9 Ultra clair Protection d&rsquo;\u00e9cran pour Samsung Galaxy S20 &#8211; Noir<\/div>\n\t\t\t\t<\/a>\n\t\t\t\t\n\t\t\t\t<div class=\"wc-block-grid__product-price price\"><span class=\"woocommerce-Price-amount amount\">9,99&nbsp;<span class=\"woocommerce-Price-currencySymbol\">&euro;<\/span><\/span><\/div>\n\t\t\t\t\n\t\t\t\t<div class=\"wp-block-button wc-block-grid__product-add-to-cart\"><a href=\"?add-to-cart=11\" aria-label=\"Ajouter &ldquo;Mobigear Curved - Verre tremp\u00e9 Ultra clair Protection d&#039;\u00e9cran pour Samsung Galaxy S20 - Noir&rdquo; \u00e0 votre panier\" data-quantity=\"1\" data-product_id=\"11\" data-product_sku=\"\" rel=\"nofollow\" class=\"wp-block-button__link wp-element-button add_to_cart_button ajax_add_to_cart\">Ajouter au panier<\/a><\/div>\n\t\t\t<\/li><\/ul><\/div>\n\n<div data-block-name=\"woocommerce\/featured-product\" data-edit-mode=\"false\" data-product-id=\"15\" class=\"wc-block-featured-product alignnone has-background-dim wp-block-woocommerce-featured-product\" style=\"min-height:500px;\"><div class=\"wc-block-featured-product__wrapper\"><div class=\"background-dim__overlay\" style=\"background-color: #000000\"><\/div><img decoding=\"async\" alt=\"Mobigear Premium - Verre tremp\u00e9 Ultra clair Protection d'\u00e9cran pour Samsung Galaxy A14 - Noir\" class=\"wc-block-featured-product__background-image\" src=\"https:\/\/i0.wp.com\/seifeddine-maachaoui.students-laplateforme.io\/mycms\/wp-content\/uploads\/2023\/06\/mobigear-premium-verre-trempe-ultra-clair-protection-d-ecran-pour-samsung-galaxy-a14-noir.jpg?fit=400%2C400&#038;ssl=1\" style=\"object-fit: none;object-position: 50% 50%;\" \/><h2 class=\"wc-block-featured-product__title\">Mobigear Premium &#8211; Verre tremp\u00e9 Ultra clair Protection d&rsquo;\u00e9cran pour Samsung Galaxy A14 &#8211; Noir<\/h2><div class=\"wc-block-featured-product__description\"><h3>Compatible avec une coque de t\u00e9l\u00e9phone<\/h3>\n<p>Cette protection d&rsquo;\u00e9cran Samsung Galaxy A14 Mobigear Premium en verre tremp\u00e9 peut \u00eatre utilis\u00e9e en combinaison avec une coque pour t\u00e9l\u00e9phone. En combinant une protection d&rsquo;\u00e9cran et une coque, la protection de votre Samsung Galaxy A14 sera renforc\u00e9e et optimale.<\/p>\n<\/div><div class=\"wc-block-featured-product__price\"><span class=\"woocommerce-Price-amount amount\">9,99&nbsp;<span class=\"woocommerce-Price-currencySymbol\">&euro;<\/span><\/span><\/div><div class=\"wc-block-featured-product__link\">\n\n<div class=\"wp-block-buttons is-content-justification-center is-layout-flex wp-container-2\">\n<div class=\"wp-block-button\"><a class=\"wp-block-button__link wp-element-button\" href=\"https:\/\/seifeddine-maachaoui.students-laplateforme.io\/mycms\/?product=mobigear-premium-verre-trempe-ultra-clair-protection-decran-pour-samsung-galaxy-a14-noir\">Acheter maintenant<\/a><\/div>\n<\/div>\n\n<\/div><\/div><\/div>\n\n\n<div class=\"wp-block-group alignfull has-background-color has-white-color has-black-background-color has-text-color has-background has-link-color wp-elements-f2feaa98cc07dcd1f63a308f800bcd46 is-vertical is-content-justification-stretch is-layout-flex wp-container-11\" style=\"min-height:40vh;margin-top:0;margin-bottom:0;padding-top:var(--wp--preset--spacing--60);padding-right:var(--wp--preset--spacing--40);padding-bottom:var(--wp--preset--spacing--60);padding-left:var(--wp--preset--spacing--40)\">\n<div class=\"wp-block-columns alignwide has-small-font-size is-layout-flex wp-container-9\">\n<div class=\"wp-block-column is-layout-flow\">\n<p class=\"has-text-align-center\">Location<\/p>\n\n\n\n<p class=\"has-text-align-center\">2020 Lomita Blvd,&nbsp;<br>Torrance, CA 90101<br>United States<\/p>\n\n\n\n<div style=\"height:24px\" aria-hidden=\"true\" class=\"wp-block-spacer\"><\/div>\n<\/div>\n\n\n\n<div class=\"wp-block-column is-layout-flow\">\n<p class=\"has-text-align-center\">Pages<\/p>\n\n\n<nav class=\"has-small-font-size items-justified-center is-vertical no-wrap wp-block-navigation has-small-font-size is-content-justification-center is-nowrap is-layout-flex wp-container-5\" aria-label=\"\"><ul class=\"has-small-font-size wp-block-page-list\"><li class=\"wp-block-pages-list__item wp-block-navigation-item open-on-hover-click\"><a class=\"wp-block-pages-list__item__link wp-block-navigation-item__content\" href=\"https:\/\/seifeddine-maachaoui.students-laplateforme.io\/mycms\/?page_id=37\">\u00c0 Propos<\/a><\/li><li class=\"wp-block-pages-list__item wp-block-navigation-item open-on-hover-click\"><a class=\"wp-block-pages-list__item__link wp-block-navigation-item__content\" href=\"https:\/\/seifeddine-maachaoui.students-laplateforme.io\/mycms\/?page_id=5\">Boutique<\/a><\/li><li class=\"wp-block-pages-list__item wp-block-navigation-item open-on-hover-click\"><a class=\"wp-block-pages-list__item__link wp-block-navigation-item__content\" href=\"https:\/\/seifeddine-maachaoui.students-laplateforme.io\/mycms\/?page_id=46\">Contact<\/a><\/li><li class=\"wp-block-pages-list__item wp-block-navigation-item open-on-hover-click\"><a class=\"wp-block-pages-list__item__link wp-block-navigation-item__content\" href=\"https:\/\/seifeddine-maachaoui.students-laplateforme.io\/mycms\/?page_id=8\">Mon compte<\/a><\/li><li class=\"wp-block-pages-list__item wp-block-navigation-item open-on-hover-click menu-item-home\"><a class=\"wp-block-pages-list__item__link wp-block-navigation-item__content\" href=\"https:\/\/seifeddine-maachaoui.students-laplateforme.io\/mycms\/\">Page d\u2019accueil<\/a><\/li><li class=\"wp-block-pages-list__item wp-block-navigation-item open-on-hover-click\"><a class=\"wp-block-pages-list__item__link wp-block-navigation-item__content\" href=\"https:\/\/seifeddine-maachaoui.students-laplateforme.io\/mycms\/?page_id=6\">Panier<\/a><\/li><li class=\"wp-block-pages-list__item wp-block-navigation-item open-on-hover-click\"><a class=\"wp-block-pages-list__item__link wp-block-navigation-item__content\" href=\"https:\/\/seifeddine-maachaoui.students-laplateforme.io\/mycms\/?page_id=28\">Panier<\/a><\/li><li class=\"wp-block-pages-list__item wp-block-navigation-item open-on-hover-click\"><a class=\"wp-block-pages-list__item__link wp-block-navigation-item__content\" href=\"https:\/\/seifeddine-maachaoui.students-laplateforme.io\/mycms\/?page_id=2\">Sample Page<\/a><\/li><li class=\"wp-block-pages-list__item wp-block-navigation-item open-on-hover-click\"><a class=\"wp-block-pages-list__item__link wp-block-navigation-item__content\" href=\"https:\/\/seifeddine-maachaoui.students-laplateforme.io\/mycms\/?page_id=7\">Validation de la commande<\/a><\/li><li class=\"wp-block-pages-list__item wp-block-navigation-item open-on-hover-click\"><a class=\"wp-block-pages-list__item__link wp-block-navigation-item__content\" href=\"https:\/\/seifeddine-maachaoui.students-laplateforme.io\/mycms\/?page_id=55\">Wishlist<\/a><\/li><\/ul><\/nav>\n\n\n<div style=\"height:24px\" aria-hidden=\"true\" class=\"wp-block-spacer\"><\/div>\n<\/div>\n\n\n\n<div class=\"wp-block-column is-layout-flow\">\n<p class=\"has-text-align-center\">Follow us<\/p>\n\n\n\n<div class=\"wp-block-group is-vertical is-content-justification-center is-layout-flex wp-container-7\">\n<p><a href=\"#\">Facebook<\/a><\/p>\n\n\n\n<p><a href=\"#\">Instagram<\/a><\/p>\n\n\n\n<p><a href=\"#\">Twitter<\/a><\/p>\n<\/div>\n\n\n\n<div style=\"height:24px\" aria-hidden=\"true\" class=\"wp-block-spacer\"><\/div>\n<\/div>\n<\/div>\n\n\n\n<div class=\"wp-block-group alignwide is-content-justification-center is-layout-flex wp-container-10\">\n<p class=\"has-text-align-center has-small-font-size\"> Proudly powered by <a rel=\"nofollow\" href=\"https:\/\/wordpress.org\">WordPress<\/a> <\/p>\n<\/div>\n<\/div>\n","protected":false},"excerpt":{"rendered":"<p>Nouveaux produits Location 2020 Lomita Blvd,&nbsp;Torrance, CA 90101United States Pages Follow us Facebook Instagram Twitter Proudly powered by WordPress<\/p>\n","protected":false},"author":1,"featured_media":22,"parent":0,"menu_order":0,"comment_status":"closed","ping_status":"closed","template":"templates\/fullwidth.php","meta":[],"jetpack-related-posts":[{"id":37,"url":"https:\/\/seifeddine-maachaoui.students-laplateforme.io\/mycms\/?page_id=37","url_meta":{"origin":17,"position":0},"title":"\u00c0 Propos","date":"juin 4, 2023","format":false,"excerpt":"Mobishield est l'une des plus grandes boutiques en ligne dans le domaine des protections d'\u00e9cran pour t\u00e9l\u00e9phones. Notre gamme comprend plus de 50 000 produits. Chacun y trouve son bonheur ! De plus, nous garantissons une exp\u00e9dition directe et rapide. Si vous passez votre commande avant 21h00, elle sera exp\u00e9di\u00e9e\u2026","rel":"","context":"Article similaire","img":{"alt_text":"","src":"","width":0,"height":0},"classes":[]},{"id":2,"url":"https:\/\/seifeddine-maachaoui.students-laplateforme.io\/mycms\/?page_id=2","url_meta":{"origin":17,"position":1},"title":"Sample Page","date":"mai 10, 2016","format":false,"excerpt":"This is an example page. It's different from a blog post because it will stay in one place and will show up in your site navigation (in most themes). Most people start with an About page that introduces them to potential site visitors. It might say something like this: Hi\u2026","rel":"","context":"Article similaire","img":{"alt_text":"","src":"","width":0,"height":0},"classes":[]}],"_links":{"self":[{"href":"https:\/\/seifeddine-maachaoui.students-laplateforme.io\/mycms\/index.php?rest_route=\/wp\/v2\/pages\/17"}],"collection":[{"href":"https:\/\/seifeddine-maachaoui.students-laplateforme.io\/mycms\/index.php?rest_route=\/wp\/v2\/pages"}],"about":[{"href":"https:\/\/seifeddine-maachaoui.students-laplateforme.io\/mycms\/index.php?rest_route=\/wp\/v2\/types\/page"}],"author":[{"embeddable":true,"href":"https:\/\/seifeddine-maachaoui.students-laplateforme.io\/mycms\/index.php?rest_route=\/wp\/v2\/users\/1"}],"replies":[{"embeddable":true,"href":"https:\/\/seifeddine-maachaoui.students-laplateforme.io\/mycms\/index.php?rest_route=%2Fwp%2Fv2%2Fcomments&post=17"}],"version-history":[{"count":2,"href":"https:\/\/seifeddine-maachaoui.students-laplateforme.io\/mycms\/index.php?rest_route=\/wp\/v2\/pages\/17\/revisions"}],"predecessor-version":[{"id":26,"href":"https:\/\/seifeddine-maachaoui.students-laplateforme.io\/mycms\/index.php?rest_route=\/wp\/v2\/pages\/17\/revisions\/26"}],"wp:featuredmedia":[{"embeddable":true,"href":"https:\/\/seifeddine-maachaoui.students-laplateforme.io\/mycms\/index.php?rest_route=\/wp\/v2\/media\/22"}],"wp:attachment":[{"href":"https:\/\/seifeddine-maachaoui.students-laplateforme.io\/mycms\/index.php?rest_route=%2Fwp%2Fv2%2Fmedia&parent=17"}],"curies":[{"name":"wp","href":"https:\/\/api.w.org\/{rel}","templated":true}]}}